{"id":314,"date":"2026-02-22T13:09:17","date_gmt":"2026-02-22T16:09:17","guid":{"rendered":"https:\/\/4l4mbr1t0.merida.gob.ve\/?post_type=product&#038;p=314"},"modified":"2026-03-08T17:18:08","modified_gmt":"2026-03-08T20:18:08","slug":"chicken-carice-med","status":"publish","type":"product","link":"https:\/\/4l4mbr1t0.merida.gob.ve\/index.php\/product\/chicken-carice-med\/","title":{"rendered":"Chicken Carice"},"content":{"rendered":"<p>\u00bfA ti tambi\u00e9n te encantan las gallinas?<\/p>\n<p>Esta es Carice, \u00a1la gallina m\u00e1s suave que jam\u00e1s abrazar\u00e1s! Disfruta de su compa\u00f1\u00eda y sorpr\u00e9ndete con su encanto, que te sacar\u00e1 una sonrisa cada d\u00eda. Dondequiera que est\u00e9 Carice, siempre hay un poco m\u00e1s de alegr\u00eda.<\/p>\n<p>&nbsp;<\/p>\n","protected":false},"excerpt":{"rendered":"<p>Chicken Carice<\/p>\n<ul>\n<li>No. 01 &#8211; Peque\u00f1o, tama\u00f1o 22 cm<\/li>\n<li>No. 02 &#8211; Mediano, tama\u00f1o 32 cm<\/li>\n<li>Materiales &#8211; Poli\u00e9ster \/ Relleno de poli\u00e9ster reciclado<\/li>\n<li>Color &#8211; Marr\u00f3n<\/li>\n<\/ul>\n","protected":false},"featured_media":300,"comment_status":"closed","ping_status":"closed","template":"","meta":{"inline_featured_image":false,"site-sidebar-layout":"default","site-content-layout":"","ast-site-content-layout":"default","site-content-style":"default","site-sidebar-style":"default","ast-global-header-display":"","ast-banner-title-visibility":"","ast-main-header-display":"","ast-hfb-above-header-display":"","ast-hfb-below-header-display":"","ast-hfb-mobile-header-display":"","site-post-title":"","ast-breadcrumbs-content":"","ast-featured-img":"","footer-sml-layout":"","ast-disable-related-posts":"","theme-transparent-header-meta":"default","adv-header-id-meta":"","stick-header-meta":"default","header-above-stick-meta":"","header-main-stick-meta":"","header-below-stick-meta":"","astra-migrate-meta-layouts":"set","ast-page-background-enabled":"default","ast-page-background-meta":{"desktop":{"background-color":"var(--ast-global-color-5)","background-image":"","background-repeat":"repeat","background-position":"center center","background-size":"auto","background-attachment":"scroll","background-type":"","background-media":"","overlay-type":"","overlay-color":"","overlay-opacity":"","overlay-gradient":""},"tablet":{"background-color":"","background-image":"","background-repeat":"repeat","background-position":"center center","background-size":"auto","background-attachment":"scroll","background-type":"","background-media":"","overlay-type":"","overlay-color":"","overlay-opacity":"","overlay-gradient":""},"mobile":{"background-color":"","background-image":"","background-repeat":"repeat","background-position":"center center","background-size":"auto","background-attachment":"scroll","background-type":"","background-media":"","overlay-type":"","overlay-color":"","overlay-opacity":"","overlay-gradient":""}},"ast-content-background-meta":{"desktop":{"background-color":"var(--ast-global-color-4)","background-image":"","background-repeat":"repeat","background-position":"center center","background-size":"auto","background-attachment":"scroll","background-type":"","background-media":"","overlay-type":"","overlay-color":"","overlay-opacity":"","overlay-gradient":""},"tablet":{"background-color":"var(--ast-global-color-4)","background-image":"","background-repeat":"repeat","background-position":"center center","background-size":"auto","background-attachment":"scroll","background-type":"","background-media":"","overlay-type":"","overlay-color":"","overlay-opacity":"","overlay-gradient":""},"mobile":{"background-color":"var(--ast-global-color-4)","background-image":"","background-repeat":"repeat","background-position":"center center","background-size":"auto","background-attachment":"scroll","background-type":"","background-media":"","overlay-type":"","overlay-color":"","overlay-opacity":"","overlay-gradient":""}}},"product_brand":[],"product_cat":[19],"product_tag":[25,26,24,27],"class_list":{"0":"post-314","1":"product","2":"type-product","3":"status-publish","4":"has-post-thumbnail","6":"product_cat-peluches","7":"product_tag-chicken","8":"product_tag-chicken-carice","9":"product_tag-gallina","10":"product_tag-peluche-gallina","11":"desktop-align-center","12":"tablet-align-left","13":"mobile-align-left","14":"ast-product-gallery-layout-horizontal-slider","15":"ast-product-single-variable","16":"ast-product-tabs-layout-horizontal","18":"first","19":"instock","20":"sale","21":"shipping-taxable","22":"purchasable","23":"product-type-variable"},"_links":{"self":[{"href":"https:\/\/4l4mbr1t0.merida.gob.ve\/index.php\/wp-json\/wp\/v2\/product\/314","targetHints":{"allow":["GET"]}}],"collection":[{"href":"https:\/\/4l4mbr1t0.merida.gob.ve\/index.php\/wp-json\/wp\/v2\/product"}],"about":[{"href":"https:\/\/4l4mbr1t0.merida.gob.ve\/index.php\/wp-json\/wp\/v2\/types\/product"}],"replies":[{"embeddable":true,"href":"https:\/\/4l4mbr1t0.merida.gob.ve\/index.php\/wp-json\/wp\/v2\/comments?post=314"}],"wp:featuredmedia":[{"embeddable":true,"href":"https:\/\/4l4mbr1t0.merida.gob.ve\/index.php\/wp-json\/wp\/v2\/media\/300"}],"wp:attachment":[{"href":"https:\/\/4l4mbr1t0.merida.gob.ve\/index.php\/wp-json\/wp\/v2\/media?parent=314"}],"wp:term":[{"taxonomy":"product_brand","embeddable":true,"href":"https:\/\/4l4mbr1t0.merida.gob.ve\/index.php\/wp-json\/wp\/v2\/product_brand?post=314"},{"taxonomy":"product_cat","embeddable":true,"href":"https:\/\/4l4mbr1t0.merida.gob.ve\/index.php\/wp-json\/wp\/v2\/product_cat?post=314"},{"taxonomy":"product_tag","embeddable":true,"href":"https:\/\/4l4mbr1t0.merida.gob.ve\/index.php\/wp-json\/wp\/v2\/product_tag?post=314"}],"curies":[{"name":"wp","href":"https:\/\/api.w.org\/{rel}","templated":true}]}}