{"id":357,"date":"2026-02-22T14:00:19","date_gmt":"2026-02-22T17:00:19","guid":{"rendered":"https:\/\/4l4mbr1t0.merida.gob.ve\/?post_type=product&#038;p=357"},"modified":"2026-03-09T16:22:13","modified_gmt":"2026-03-09T19:22:13","slug":"rabbit-richie-big-azul","status":"publish","type":"product","link":"https:\/\/4l4mbr1t0.merida.gob.ve\/index.php\/product\/rabbit-richie-big-azul\/","title":{"rendered":"Rabbit Richie"},"content":{"rendered":"<p>Conejo Richie, el conejo m\u00e1s popular de nuestra colecci\u00f3n, en versi\u00f3n marr\u00f3n neutro. Este peluche de Conejo Richie es muy popular, es incre\u00edblemente suave y se acurruca como un rey.<\/p>\n<p>Recycled Rabbit Richie, en diferentes presentaciones Tiny, Original y Big; y diferentes colores Rosa, Azul, Marr\u00f3n, Blanco<\/p>\n<p>&nbsp;<\/p>\n","protected":false},"excerpt":{"rendered":"<p>Conejo de arcilla Richi marron cafe<\/p>\n<ul>\n<li>Tiny &#8211; Peque\u00f1o, Tama\u00f1o 28 cm<\/li>\n<li>Original &#8211; Mediano, Tama\u00f1o 38 cm<\/li>\n<li>Big &#8211; Gigante, Tama\u00f1o 58 cm<\/li>\n<li>Materiales &#8211; Poli\u00e9ster \/ Relleno de poli\u00e9ster reciclado<\/li>\n<li>Colores &#8211; Rosa \/ Azul Claro \/ Marr\u00f3n \/ Blanco<\/li>\n<\/ul>\n","protected":false},"featured_media":796,"comment_status":"closed","ping_status":"closed","template":"","meta":{"inline_featured_image":false,"site-sidebar-layout":"default","site-content-layout":"","ast-site-content-layout":"default","site-content-style":"default","site-sidebar-style":"default","ast-global-header-display":"","ast-banner-title-visibility":"","ast-main-header-display":"","ast-hfb-above-header-display":"","ast-hfb-below-header-display":"","ast-hfb-mobile-header-display":"","site-post-title":"","ast-breadcrumbs-content":"","ast-featured-img":"","footer-sml-layout":"","ast-disable-related-posts":"","theme-transparent-header-meta":"default","adv-header-id-meta":"","stick-header-meta":"default","header-above-stick-meta":"","header-main-stick-meta":"","header-below-stick-meta":"","astra-migrate-meta-layouts":"set","ast-page-background-enabled":"default","ast-page-background-meta":{"desktop":{"background-color":"var(--ast-global-color-5)","background-image":"","background-repeat":"repeat","background-position":"center center","background-size":"auto","background-attachment":"scroll","background-type":"","background-media":"","overlay-type":"","overlay-color":"","overlay-opacity":"","overlay-gradient":""},"tablet":{"background-color":"","background-image":"","background-repeat":"repeat","background-position":"center center","background-size":"auto","background-attachment":"scroll","background-type":"","background-media":"","overlay-type":"","overlay-color":"","overlay-opacity":"","overlay-gradient":""},"mobile":{"background-color":"","background-image":"","background-repeat":"repeat","background-position":"center center","background-size":"auto","background-attachment":"scroll","background-type":"","background-media":"","overlay-type":"","overlay-color":"","overlay-opacity":"","overlay-gradient":""}},"ast-content-background-meta":{"desktop":{"background-color":"var(--ast-global-color-4)","background-image":"","background-repeat":"repeat","background-position":"center center","background-size":"auto","background-attachment":"scroll","background-type":"","background-media":"","overlay-type":"","overlay-color":"","overlay-opacity":"","overlay-gradient":""},"tablet":{"background-color":"var(--ast-global-color-4)","background-image":"","background-repeat":"repeat","background-position":"center center","background-size":"auto","background-attachment":"scroll","background-type":"","background-media":"","overlay-type":"","overlay-color":"","overlay-opacity":"","overlay-gradient":""},"mobile":{"background-color":"var(--ast-global-color-4)","background-image":"","background-repeat":"repeat","background-position":"center center","background-size":"auto","background-attachment":"scroll","background-type":"","background-media":"","overlay-type":"","overlay-color":"","overlay-opacity":"","overlay-gradient":""}}},"product_brand":[],"product_cat":[19,38],"product_tag":[45,46,39,40,47],"class_list":{"0":"post-357","1":"product","2":"type-product","3":"status-publish","4":"has-post-thumbnail","6":"product_cat-peluches","7":"product_cat-nuevos","8":"product_tag-blue-recycled-rabbit-richie","9":"product_tag-blue-recycled-rabbit-richie-big","10":"product_tag-conejo","11":"product_tag-conejo-rosado","12":"product_tag-rabbit-richie","13":"desktop-align-center","14":"tablet-align-left","15":"mobile-align-left","16":"ast-product-gallery-layout-horizontal-slider","17":"ast-product-single-variable","18":"ast-product-tabs-layout-horizontal","20":"first","21":"instock","22":"sale","23":"shipping-taxable","24":"purchasable","25":"product-type-variable"},"_links":{"self":[{"href":"https:\/\/4l4mbr1t0.merida.gob.ve\/index.php\/wp-json\/wp\/v2\/product\/357","targetHints":{"allow":["GET"]}}],"collection":[{"href":"https:\/\/4l4mbr1t0.merida.gob.ve\/index.php\/wp-json\/wp\/v2\/product"}],"about":[{"href":"https:\/\/4l4mbr1t0.merida.gob.ve\/index.php\/wp-json\/wp\/v2\/types\/product"}],"replies":[{"embeddable":true,"href":"https:\/\/4l4mbr1t0.merida.gob.ve\/index.php\/wp-json\/wp\/v2\/comments?post=357"}],"wp:featuredmedia":[{"embeddable":true,"href":"https:\/\/4l4mbr1t0.merida.gob.ve\/index.php\/wp-json\/wp\/v2\/media\/796"}],"wp:attachment":[{"href":"https:\/\/4l4mbr1t0.merida.gob.ve\/index.php\/wp-json\/wp\/v2\/media?parent=357"}],"wp:term":[{"taxonomy":"product_brand","embeddable":true,"href":"https:\/\/4l4mbr1t0.merida.gob.ve\/index.php\/wp-json\/wp\/v2\/product_brand?post=357"},{"taxonomy":"product_cat","embeddable":true,"href":"https:\/\/4l4mbr1t0.merida.gob.ve\/index.php\/wp-json\/wp\/v2\/product_cat?post=357"},{"taxonomy":"product_tag","embeddable":true,"href":"https:\/\/4l4mbr1t0.merida.gob.ve\/index.php\/wp-json\/wp\/v2\/product_tag?post=357"}],"curies":[{"name":"wp","href":"https:\/\/api.w.org\/{rel}","templated":true}]}}