{"id":904,"date":"2026-03-22T07:44:45","date_gmt":"2026-03-22T10:44:45","guid":{"rendered":"https:\/\/4l4mbr1t0.merida.gob.ve\/?post_type=product&#038;p=904"},"modified":"2026-03-22T07:49:59","modified_gmt":"2026-03-22T10:49:59","slug":"tita-muneca-bailarina-de-trapo","status":"publish","type":"product","link":"https:\/\/4l4mbr1t0.merida.gob.ve\/index.php\/product\/tita-muneca-bailarina-de-trapo\/","title":{"rendered":"Tita: Mu\u00f1eca de Trapo"},"content":{"rendered":"<p><strong>Tita<\/strong>: Mu\u00f1eca de Trapo (38 cm)<\/p>\n<p>\u00a1Conoce a Tita, la nueva mejor amiga! Una mu\u00f1eca de trapo encantadora, dise\u00f1ada para llenar de ternura y magia cada juego. Su suavidad y estilo de bailarina la convierten en el regalo perfecto para abrazar y so\u00f1ar.<\/p>\n<p>Lo que la hace especial:<\/p>\n<ul>\n<li>\u00a0Suavidad Total: Rellena de fibra siliconada hipoalerg\u00e9nica, ideal para abrazos suaves y seguros para las m\u00e1s peque\u00f1as.<\/li>\n<li>\u00a0Tama\u00f1o Ideal: Con sus 38 cm de altura, es f\u00e1cil de llevar y perfecta para ser la compa\u00f1era de aventuras diarias.<\/li>\n<li>\u00a0Seguridad y Durabilidad: Tela resistente y apta para ni\u00f1os a partir de 3 a\u00f1os. Dise\u00f1ada para perdurar.<\/li>\n<li>\u00a0F\u00e1cil Cuidado: Pensada para la practicidad, Tita es apta para lavado a mano, manteni\u00e9ndose siempre limpia.<\/li>\n<li>\u00a0Fomenta la Imaginaci\u00f3n: Su dise\u00f1o m\u00e1gico invita a las ni\u00f1as a crear historias y desarrollar su creatividad jugando.<\/li>\n<\/ul>\n<p>\u00a1Dale un toque de magia al d\u00eda a d\u00eda con Tita!<\/p>\n","protected":false},"excerpt":{"rendered":"<p><strong>Tita<\/strong>: Mu\u00f1eca Bailarina de Trapo (38 cm)<\/p>\n<p>\u00a1Conoce a Tita, la nueva mejor amiga! Una mu\u00f1eca de trapo encantadora, dise\u00f1ada para llenar de ternura y magia cada juego. Su suavidad y estilo de bailarina la convierten en el regalo perfecto para abrazar y so\u00f1ar.<\/p>\n","protected":false},"featured_media":907,"comment_status":"closed","ping_status":"closed","template":"","meta":{"inline_featured_image":false,"site-sidebar-layout":"default","site-content-layout":"","ast-site-content-layout":"default","site-content-style":"default","site-sidebar-style":"default","ast-global-header-display":"","ast-banner-title-visibility":"","ast-main-header-display":"","ast-hfb-above-header-display":"","ast-hfb-below-header-display":"","ast-hfb-mobile-header-display":"","site-post-title":"","ast-breadcrumbs-content":"","ast-featured-img":"","footer-sml-layout":"","ast-disable-related-posts":"","theme-transparent-header-meta":"default","adv-header-id-meta":"","stick-header-meta":"default","header-above-stick-meta":"","header-main-stick-meta":"","header-below-stick-meta":"","astra-migrate-meta-layouts":"set","ast-page-background-enabled":"default","ast-page-background-meta":{"desktop":{"background-color":"var(--ast-global-color-5)","background-image":"","background-repeat":"repeat","background-position":"center center","background-size":"auto","background-attachment":"scroll","background-type":"","background-media":"","overlay-type":"","overlay-color":"","overlay-opacity":"","overlay-gradient":""},"tablet":{"background-color":"","background-image":"","background-repeat":"repeat","background-position":"center center","background-size":"auto","background-attachment":"scroll","background-type":"","background-media":"","overlay-type":"","overlay-color":"","overlay-opacity":"","overlay-gradient":""},"mobile":{"background-color":"","background-image":"","background-repeat":"repeat","background-position":"center center","background-size":"auto","background-attachment":"scroll","background-type":"","background-media":"","overlay-type":"","overlay-color":"","overlay-opacity":"","overlay-gradient":""}},"ast-content-background-meta":{"desktop":{"background-color":"var(--ast-global-color-4)","background-image":"","background-repeat":"repeat","background-position":"center center","background-size":"auto","background-attachment":"scroll","background-type":"","background-media":"","overlay-type":"","overlay-color":"","overlay-opacity":"","overlay-gradient":""},"tablet":{"background-color":"var(--ast-global-color-4)","background-image":"","background-repeat":"repeat","background-position":"center center","background-size":"auto","background-attachment":"scroll","background-type":"","background-media":"","overlay-type":"","overlay-color":"","overlay-opacity":"","overlay-gradient":""},"mobile":{"background-color":"var(--ast-global-color-4)","background-image":"","background-repeat":"repeat","background-position":"center center","background-size":"auto","background-attachment":"scroll","background-type":"","background-media":"","overlay-type":"","overlay-color":"","overlay-opacity":"","overlay-gradient":""}}},"product_brand":[],"product_cat":[99],"product_tag":[],"class_list":{"0":"post-904","1":"product","2":"type-product","3":"status-publish","4":"has-post-thumbnail","6":"product_cat-munecas","7":"desktop-align-center","8":"tablet-align-left","9":"mobile-align-left","10":"ast-product-gallery-layout-horizontal-slider","11":"ast-product-gallery-with-no-image","12":"ast-product-single-variable","13":"ast-product-tabs-layout-horizontal","15":"first","16":"instock","17":"shipping-taxable","18":"purchasable","19":"product-type-variable"},"_links":{"self":[{"href":"https:\/\/4l4mbr1t0.merida.gob.ve\/index.php\/wp-json\/wp\/v2\/product\/904","targetHints":{"allow":["GET"]}}],"collection":[{"href":"https:\/\/4l4mbr1t0.merida.gob.ve\/index.php\/wp-json\/wp\/v2\/product"}],"about":[{"href":"https:\/\/4l4mbr1t0.merida.gob.ve\/index.php\/wp-json\/wp\/v2\/types\/product"}],"replies":[{"embeddable":true,"href":"https:\/\/4l4mbr1t0.merida.gob.ve\/index.php\/wp-json\/wp\/v2\/comments?post=904"}],"wp:featuredmedia":[{"embeddable":true,"href":"https:\/\/4l4mbr1t0.merida.gob.ve\/index.php\/wp-json\/wp\/v2\/media\/907"}],"wp:attachment":[{"href":"https:\/\/4l4mbr1t0.merida.gob.ve\/index.php\/wp-json\/wp\/v2\/media?parent=904"}],"wp:term":[{"taxonomy":"product_brand","embeddable":true,"href":"https:\/\/4l4mbr1t0.merida.gob.ve\/index.php\/wp-json\/wp\/v2\/product_brand?post=904"},{"taxonomy":"product_cat","embeddable":true,"href":"https:\/\/4l4mbr1t0.merida.gob.ve\/index.php\/wp-json\/wp\/v2\/product_cat?post=904"},{"taxonomy":"product_tag","embeddable":true,"href":"https:\/\/4l4mbr1t0.merida.gob.ve\/index.php\/wp-json\/wp\/v2\/product_tag?post=904"}],"curies":[{"name":"wp","href":"https:\/\/api.w.org\/{rel}","templated":true}]}}