{"id":909,"date":"2026-03-22T07:54:35","date_gmt":"2026-03-22T10:54:35","guid":{"rendered":"https:\/\/4l4mbr1t0.merida.gob.ve\/?post_type=product&#038;p=909"},"modified":"2026-03-22T07:58:05","modified_gmt":"2026-03-22T10:58:05","slug":"jirafa-de-peluche-ultra-suave","status":"publish","type":"product","link":"https:\/\/4l4mbr1t0.merida.gob.ve\/index.php\/product\/jirafa-de-peluche-ultra-suave\/","title":{"rendered":"Jirafa de Peluche Ultra Suave"},"content":{"rendered":"<p>Jirafa de Peluche Ultra Suave (25 cm o 35cm)<\/p>\n<p>\u00a1A\u00f1ade un toque de ternura a la habitaci\u00f3n de los m\u00e1s peque\u00f1os! Esta encantadora jirafa de peluche est\u00e1 dise\u00f1ada para ser la compa\u00f1era inseparable de aventuras y el apoyo perfecto para los momentos de descanso.<\/p>\n<p>Lo mejor de este peluche:<\/p>\n<p>* Textura Irresistible: Fabricada con tela de peluche premium y relleno de fibra de poli\u00e9ster, garantizando abrazos sumamente reconfortantes.<\/p>\n<p>* Seguridad Primero: Material hipoalerg\u00e9nico, seguro para la piel delicada de beb\u00e9s y ni\u00f1os.<\/p>\n<p>* Tama\u00f1o Perfecto: Con 25 cm\u00a0 o 35 cm de altura, es ideal para que las manos peque\u00f1as puedan sujetarla, cargarla y jugar con facilidad.<\/p>\n<p>* Dise\u00f1o Encantador: Su apariencia simp\u00e1tica y amigable la convierte en un excelente elemento decorativo para cualquier espacio infantil.<\/p>\n<p>* Estimula la Imaginaci\u00f3n: Un juguete de compa\u00f1\u00eda cl\u00e1sico que fomenta el juego creativo y el desarrollo emocional.<\/p>\n<p>\u00a1Regala momentos de alegr\u00eda con esta dulce jirafita!<\/p>\n","protected":false},"excerpt":{"rendered":"<p>Jirafa de Peluche Ultra Suave (25 cm o 35cm)<\/p>\n<p>\u00a1A\u00f1ade un toque de ternura a la habitaci\u00f3n de los m\u00e1s peque\u00f1os! Esta encantadora jirafa de peluche est\u00e1 dise\u00f1ada para ser la compa\u00f1era inseparable de aventuras y el apoyo perfecto para los momentos de descanso.<\/p>\n<p>&nbsp;<\/p>\n","protected":false},"featured_media":914,"comment_status":"closed","ping_status":"closed","template":"","meta":{"inline_featured_image":false,"site-sidebar-layout":"default","site-content-layout":"","ast-site-content-layout":"default","site-content-style":"default","site-sidebar-style":"default","ast-global-header-display":"","ast-banner-title-visibility":"","ast-main-header-display":"","ast-hfb-above-header-display":"","ast-hfb-below-header-display":"","ast-hfb-mobile-header-display":"","site-post-title":"","ast-breadcrumbs-content":"","ast-featured-img":"","footer-sml-layout":"","ast-disable-related-posts":"","theme-transparent-header-meta":"default","adv-header-id-meta":"","stick-header-meta":"default","header-above-stick-meta":"","header-main-stick-meta":"","header-below-stick-meta":"","astra-migrate-meta-layouts":"set","ast-page-background-enabled":"default","ast-page-background-meta":{"desktop":{"background-color":"var(--ast-global-color-5)","background-image":"","background-repeat":"repeat","background-position":"center center","background-size":"auto","background-attachment":"scroll","background-type":"","background-media":"","overlay-type":"","overlay-color":"","overlay-opacity":"","overlay-gradient":""},"tablet":{"background-color":"","background-image":"","background-repeat":"repeat","background-position":"center center","background-size":"auto","background-attachment":"scroll","background-type":"","background-media":"","overlay-type":"","overlay-color":"","overlay-opacity":"","overlay-gradient":""},"mobile":{"background-color":"","background-image":"","background-repeat":"repeat","background-position":"center center","background-size":"auto","background-attachment":"scroll","background-type":"","background-media":"","overlay-type":"","overlay-color":"","overlay-opacity":"","overlay-gradient":""}},"ast-content-background-meta":{"desktop":{"background-color":"var(--ast-global-color-4)","background-image":"","background-repeat":"repeat","background-position":"center center","background-size":"auto","background-attachment":"scroll","background-type":"","background-media":"","overlay-type":"","overlay-color":"","overlay-opacity":"","overlay-gradient":""},"tablet":{"background-color":"var(--ast-global-color-4)","background-image":"","background-repeat":"repeat","background-position":"center center","background-size":"auto","background-attachment":"scroll","background-type":"","background-media":"","overlay-type":"","overlay-color":"","overlay-opacity":"","overlay-gradient":""},"mobile":{"background-color":"var(--ast-global-color-4)","background-image":"","background-repeat":"repeat","background-position":"center center","background-size":"auto","background-attachment":"scroll","background-type":"","background-media":"","overlay-type":"","overlay-color":"","overlay-opacity":"","overlay-gradient":""}}},"product_brand":[],"product_cat":[19,38],"product_tag":[],"class_list":{"0":"post-909","1":"product","2":"type-product","3":"status-publish","4":"has-post-thumbnail","6":"product_cat-peluches","7":"product_cat-nuevos","8":"desktop-align-center","9":"tablet-align-left","10":"mobile-align-left","11":"ast-product-gallery-layout-horizontal-slider","12":"ast-product-gallery-with-no-image","13":"ast-product-single-variable","14":"ast-product-tabs-layout-horizontal","16":"first","17":"instock","18":"shipping-taxable","19":"purchasable","20":"product-type-variable"},"_links":{"self":[{"href":"https:\/\/4l4mbr1t0.merida.gob.ve\/index.php\/wp-json\/wp\/v2\/product\/909","targetHints":{"allow":["GET"]}}],"collection":[{"href":"https:\/\/4l4mbr1t0.merida.gob.ve\/index.php\/wp-json\/wp\/v2\/product"}],"about":[{"href":"https:\/\/4l4mbr1t0.merida.gob.ve\/index.php\/wp-json\/wp\/v2\/types\/product"}],"replies":[{"embeddable":true,"href":"https:\/\/4l4mbr1t0.merida.gob.ve\/index.php\/wp-json\/wp\/v2\/comments?post=909"}],"wp:featuredmedia":[{"embeddable":true,"href":"https:\/\/4l4mbr1t0.merida.gob.ve\/index.php\/wp-json\/wp\/v2\/media\/914"}],"wp:attachment":[{"href":"https:\/\/4l4mbr1t0.merida.gob.ve\/index.php\/wp-json\/wp\/v2\/media?parent=909"}],"wp:term":[{"taxonomy":"product_brand","embeddable":true,"href":"https:\/\/4l4mbr1t0.merida.gob.ve\/index.php\/wp-json\/wp\/v2\/product_brand?post=909"},{"taxonomy":"product_cat","embeddable":true,"href":"https:\/\/4l4mbr1t0.merida.gob.ve\/index.php\/wp-json\/wp\/v2\/product_cat?post=909"},{"taxonomy":"product_tag","embeddable":true,"href":"https:\/\/4l4mbr1t0.merida.gob.ve\/index.php\/wp-json\/wp\/v2\/product_tag?post=909"}],"curies":[{"name":"wp","href":"https:\/\/api.w.org\/{rel}","templated":true}]}}