{"id":915,"date":"2026-03-22T08:06:34","date_gmt":"2026-03-22T11:06:34","guid":{"rendered":"https:\/\/4l4mbr1t0.merida.gob.ve\/?post_type=product&#038;p=915"},"modified":"2026-03-22T08:08:15","modified_gmt":"2026-03-22T11:08:15","slug":"conejo-lind-de-felpa-soft","status":"publish","type":"product","link":"https:\/\/4l4mbr1t0.merida.gob.ve\/index.php\/product\/conejo-lind-de-felpa-soft\/","title":{"rendered":"Conejo Lind de Felpa Soft"},"content":{"rendered":"<p><strong>Conejo Lind de Felpa Soft<\/strong> \u2013 Colecci\u00f3n Natural<\/p>\n<p>La ternura hecha compa\u00f1\u00eda.<\/p>\n<p>Descubre la suavidad incomparable de nuestro conejo de felpa, el compa\u00f1ero ideal para las aventuras diarias de los m\u00e1s peque\u00f1os. Dise\u00f1ado en una paleta de colores neutros, este adorable peluche aporta un toque c\u00e1lido, l\u00fadico y sofisticado a cualquier rinc\u00f3n del cuarto infantil.<\/p>\n<p>Caracter\u00edsticas Principales:<\/p>\n<ul>\n<li>\u00a0Textura Premium: Confeccionado en felpa de alta calidad, extremadamente suave al tacto para brindar el m\u00e1ximo confort.<\/li>\n<li>\u00a0Dise\u00f1o Vers\u00e1til: Su est\u00e9tica amigable lo convierte tanto en el juguete favorito de abrazos como en un objeto decorativo encantador para repisas o camas.<\/li>\n<li>\u00a0Materiales: Relleno de poli\u00e9ster de gran resiliencia que mantiene su forma y ofrece una sensaci\u00f3n mullida.<\/li>\n<li>\u00a0Esencia Minimalista: Un dise\u00f1o simple, sin luces ni sonidos, que fomenta la imaginaci\u00f3n y la calma.<\/li>\n<\/ul>\n","protected":false},"excerpt":{"rendered":"<p><strong>Conejo Lind de Felpa Soft<\/strong> \u2013 Colecci\u00f3n Natural<\/p>\n<p>Descubre la suavidad incomparable de nuestro conejo de felpa, el compa\u00f1ero ideal para las aventuras diarias de los m\u00e1s peque\u00f1os. Dise\u00f1ado en una paleta de colores neutros, este adorable peluche aporta un toque c\u00e1lido, l\u00fadico y sofisticado a cualquier rinc\u00f3n del cuarto infantil.<\/p>\n<p>&nbsp;<\/p>\n","protected":false},"featured_media":920,"comment_status":"closed","ping_status":"closed","template":"","meta":{"inline_featured_image":false,"site-sidebar-layout":"default","site-content-layout":"","ast-site-content-layout":"default","site-content-style":"default","site-sidebar-style":"default","ast-global-header-display":"","ast-banner-title-visibility":"","ast-main-header-display":"","ast-hfb-above-header-display":"","ast-hfb-below-header-display":"","ast-hfb-mobile-header-display":"","site-post-title":"","ast-breadcrumbs-content":"","ast-featured-img":"","footer-sml-layout":"","ast-disable-related-posts":"","theme-transparent-header-meta":"default","adv-header-id-meta":"","stick-header-meta":"default","header-above-stick-meta":"","header-main-stick-meta":"","header-below-stick-meta":"","astra-migrate-meta-layouts":"set","ast-page-background-enabled":"default","ast-page-background-meta":{"desktop":{"background-color":"var(--ast-global-color-5)","background-image":"","background-repeat":"repeat","background-position":"center center","background-size":"auto","background-attachment":"scroll","background-type":"","background-media":"","overlay-type":"","overlay-color":"","overlay-opacity":"","overlay-gradient":""},"tablet":{"background-color":"","background-image":"","background-repeat":"repeat","background-position":"center center","background-size":"auto","background-attachment":"scroll","background-type":"","background-media":"","overlay-type":"","overlay-color":"","overlay-opacity":"","overlay-gradient":""},"mobile":{"background-color":"","background-image":"","background-repeat":"repeat","background-position":"center center","background-size":"auto","background-attachment":"scroll","background-type":"","background-media":"","overlay-type":"","overlay-color":"","overlay-opacity":"","overlay-gradient":""}},"ast-content-background-meta":{"desktop":{"background-color":"var(--ast-global-color-4)","background-image":"","background-repeat":"repeat","background-position":"center center","background-size":"auto","background-attachment":"scroll","background-type":"","background-media":"","overlay-type":"","overlay-color":"","overlay-opacity":"","overlay-gradient":""},"tablet":{"background-color":"var(--ast-global-color-4)","background-image":"","background-repeat":"repeat","background-position":"center center","background-size":"auto","background-attachment":"scroll","background-type":"","background-media":"","overlay-type":"","overlay-color":"","overlay-opacity":"","overlay-gradient":""},"mobile":{"background-color":"var(--ast-global-color-4)","background-image":"","background-repeat":"repeat","background-position":"center center","background-size":"auto","background-attachment":"scroll","background-type":"","background-media":"","overlay-type":"","overlay-color":"","overlay-opacity":"","overlay-gradient":""}}},"product_brand":[],"product_cat":[19],"product_tag":[],"class_list":{"0":"post-915","1":"product","2":"type-product","3":"status-publish","4":"has-post-thumbnail","6":"product_cat-peluches","7":"desktop-align-center","8":"tablet-align-left","9":"mobile-align-left","10":"ast-product-gallery-layout-horizontal-slider","11":"ast-product-single-variable","12":"ast-product-tabs-layout-horizontal","14":"first","15":"instock","16":"shipping-taxable","17":"purchasable","18":"product-type-variable"},"_links":{"self":[{"href":"https:\/\/4l4mbr1t0.merida.gob.ve\/index.php\/wp-json\/wp\/v2\/product\/915","targetHints":{"allow":["GET"]}}],"collection":[{"href":"https:\/\/4l4mbr1t0.merida.gob.ve\/index.php\/wp-json\/wp\/v2\/product"}],"about":[{"href":"https:\/\/4l4mbr1t0.merida.gob.ve\/index.php\/wp-json\/wp\/v2\/types\/product"}],"replies":[{"embeddable":true,"href":"https:\/\/4l4mbr1t0.merida.gob.ve\/index.php\/wp-json\/wp\/v2\/comments?post=915"}],"wp:featuredmedia":[{"embeddable":true,"href":"https:\/\/4l4mbr1t0.merida.gob.ve\/index.php\/wp-json\/wp\/v2\/media\/920"}],"wp:attachment":[{"href":"https:\/\/4l4mbr1t0.merida.gob.ve\/index.php\/wp-json\/wp\/v2\/media?parent=915"}],"wp:term":[{"taxonomy":"product_brand","embeddable":true,"href":"https:\/\/4l4mbr1t0.merida.gob.ve\/index.php\/wp-json\/wp\/v2\/product_brand?post=915"},{"taxonomy":"product_cat","embeddable":true,"href":"https:\/\/4l4mbr1t0.merida.gob.ve\/index.php\/wp-json\/wp\/v2\/product_cat?post=915"},{"taxonomy":"product_tag","embeddable":true,"href":"https:\/\/4l4mbr1t0.merida.gob.ve\/index.php\/wp-json\/wp\/v2\/product_tag?post=915"}],"curies":[{"name":"wp","href":"https:\/\/api.w.org\/{rel}","templated":true}]}}